{"id":14,"date":"2018-04-09T10:06:58","date_gmt":"2018-04-09T10:06:58","guid":{"rendered":"http:\/\/192.168.2.233\/vino\/?page_id=14"},"modified":"2022-04-12T08:42:40","modified_gmt":"2022-04-12T08:42:40","slug":"villa","status":"publish","type":"page","link":"https:\/\/www.brda.it\/index.php\/villa\/","title":{"rendered":"Villa Vipol\u017ee"},"content":{"rendered":"<p>[vc_row gap=&#8221;&#8221; css=&#8221;.vc_custom_1554977190647{padding-top: 0px !important;padding-bottom: 60px !important;}&#8221;][vc_column][vc_single_image image=&#8221;1007&#8243; img_size=&#8221;medium&#8221;][vc_empty_space height=&#8221;50px&#8221;]<div class=\"vino-angled-heading angled-background id_169f2f65c5c58a248296420 text-center  \"><h1>Villa Vipol\u017ee<span><\/span><\/h1><\/div><div class=\"custom-styles\" data-styles=\".id_169f2f65c5c58a248296420.angled-background> * span { background-color: ; }\"><\/div><div class=\"vino-angled-heading angled-background id_169f2f65c5c5d41677194712 text-center  \"><h5>\u200e<\/h5><\/div><\/p>\n<p>La pi\u00f9 bella dimora rinascimentale della Slovenia si \u00e8 risvegliata dopo lunghi decenni in tutta la propria maestosit\u00e0! Un tempo dimora di importanti famiglie nobiliari goriziane, oggi cuore di eventi e incontri di importanza locale e internazionale, intreccia i fili della vita sociale del territorio transfrontaliero, dove al racconto comune si sono inchinati il mondo germanico, quello latino e quello slavo.<\/p>\n<p>Ma una vera ciliegina sulla torta aspetta i visitatori al piano superiore: qui vi attende un affresco che \u00e8 stato ristrutturato da maestri restauratori di Lubiana.<\/p>\n<p>Lasciatevi cullare da un rilassante incontro con gli amici nella cantina della Villa Vipol\u017ee, dove oltre a una storia culinaria straordinaria troverete anche 400 etichette di vini di prim'ordine, tra i top 100 vini al mondo. Qui, ogni vostro incontro sociale diverr\u00e0 un'esperienza particolare.<\/p>\n<p>Desiderate una breve pausa di relax con cibo e un bicchiere di vino in buona compagnia? Concedetevi un aperitivo nel ristorante Kruh &amp; Vino! Abbracciati dalle colline di Brda, in questa bellezza rinascimentale ogni assaggio dell'enogastronomia del territorio circostante sar\u00e0 straordinario.<\/p>\n<p>La Villa Vipol\u017ee con l'eleganza del proprio piano nobile si mostra anche in occasione di incontri culturali, di business e protocollari importanti. Con attrezzatura tecnica al completo e personale altamente specializzato potete lasciare a noi l'organizzazione dell'evento.<\/p>\n<p>Con il suo fascino e la sua raffinata eleganza Villa Vipol\u017ee \u00e8 la location ideale per un matrimonio da sogno.<\/p>\n<p>Dispone inoltre di 3 eleganti camere matrimoniali superior e 3 junior suite.<\/p>\n<p>A Villa Vipol\u017ee ogni incontro si tramuta in un evento. State ancora dubitando se visitarci o meno?<span><\/span><div class=\"custom-styles\" data-styles=\".id_169f2f65c5c5d41677194712.angled-background> * span { background-color: ; }\"><\/div>[vc_btn title=&#8221;Verificate la ricca offerta&#8221; style=&#8221;classic&#8221; shape=&#8221;square&#8221; color=&#8221;success&#8221; align=&#8221;center&#8221; link=&#8221;url:https%3A%2F%2Fwww.vilavipolze.eu%2Fit%2Fvilla%2Fchi_siamo%2F|||&#8221;][\/vc_column][\/vc_row][vc_row full_width=&#8221;stretch_row_content_no_spaces&#8221; gap=&#8221;&#8221;][vc_column]<div class=\"vino-portfolio  id_169f2f65c5c6b11876710123\" data-header-size=\"3\"><div class=\"vino-portfolio-masonry vino-masonry vino-4-col   animate-text \" data-hover=\"hover2\" data-ppp=\"7\" data-style=\"1\" data-cat=\"77\" data-ismasonry=\"1\" data-imgbg=\"1\" data-layout=\"custom_masonry\" data-custom-layout=\"4,1,1,2,2,1,1\" data-open=\"lightbox\" data-aostype=\"fade-down\"><div class=\"grid-sizer\"><\/div><div class=\"gutter-sizer\"><\/div><article class=\"w2-h2 cat-77 \"><div class=\"vino-portfolio-item text-on-hover hover2 open-lightbox\" data-aos=\"fade-down\" data-aos-delay=\"0\"><a class=\"portfolio-link single-image-lightbox\" href=\"https:\/\/www.brda.it\/wp-content\/uploads\/2018\/05\/villa01.jpg\" data-size=\"1499x1000\"><\/a><div class=\"image-wrapper\"><div class=\"portfolio-hover-img\"><\/div><span class=\"portfolio-img\" style=\"background-image: url(https:\/\/www.brda.it\/wp-content\/uploads\/2018\/05\/villa01-1024x683.jpg)\"><\/span><\/div>\n\t\t<div class=\"portfolio-text\">\n\t\t\t<h3 class=\"portfolio-title\" data-title=\"Ambasada umetnikov\"><span>Ambasada umetnikov<\/span><\/h3>\n\t\t\t<ul class=\"portfolio-category\">\n\t\t\t\t<li><a class=\"vino-hover-text\" href=\"https:\/\/www.brda.it\/index.php\/vino_portfolio_categories\/demo\/\" title=\"Villa Vipol\u017ee\">Villa Vipol\u017ee<\/a><\/li>\n\t\t\t<\/ul>\n\t\t<\/div>\n\t\t\n\t<\/div><\/article><article class=\"w1-h1 cat-77 \"><div class=\"vino-portfolio-item text-on-hover hover2 open-lightbox\" data-aos=\"fade-down\" data-aos-delay=\"50\"><a class=\"portfolio-link single-image-lightbox\" href=\"https:\/\/www.brda.it\/wp-content\/uploads\/2018\/05\/villa02.jpg\" data-size=\"1499x1000\"><\/a><div class=\"image-wrapper\"><div class=\"portfolio-hover-img\"><\/div><span class=\"portfolio-img\" style=\"background-image: url(https:\/\/www.brda.it\/wp-content\/uploads\/2018\/05\/villa02-1024x683.jpg)\"><\/span><\/div>\n\t\t<div class=\"portfolio-text\">\n\t\t\t<h3 class=\"portfolio-title\" data-title=\"Ambasada umetnikov\"><span>Ambasada umetnikov<\/span><\/h3>\n\t\t\t<ul class=\"portfolio-category\">\n\t\t\t\t<li><a class=\"vino-hover-text\" href=\"https:\/\/www.brda.it\/index.php\/vino_portfolio_categories\/demo\/\" title=\"Villa Vipol\u017ee\">Villa Vipol\u017ee<\/a><\/li>\n\t\t\t<\/ul>\n\t\t<\/div>\n\t\t\n\t<\/div><\/article><article class=\"w1-h1 cat-77 \"><div class=\"vino-portfolio-item text-on-hover hover2 open-lightbox\" data-aos=\"fade-down\" data-aos-delay=\"100\"><a class=\"portfolio-link single-image-lightbox\" href=\"https:\/\/www.brda.it\/wp-content\/uploads\/2018\/04\/vila-vipolze-soba.jpg\" data-size=\"1000x665\"><\/a><div class=\"image-wrapper\"><div class=\"portfolio-hover-img\"><\/div><span class=\"portfolio-img\" style=\"background-image: url(https:\/\/www.brda.it\/wp-content\/uploads\/2018\/04\/vila-vipolze-soba.jpg)\"><\/span><\/div>\n\t\t<div class=\"portfolio-text\">\n\t\t\t<h3 class=\"portfolio-title\" data-title=\"Camere\"><span>Camere<\/span><\/h3>\n\t\t\t<ul class=\"portfolio-category\">\n\t\t\t\t<li><a class=\"vino-hover-text\" href=\"https:\/\/www.brda.it\/index.php\/vino_portfolio_categories\/demo\/\" title=\"Villa Vipol\u017ee\">Villa Vipol\u017ee<\/a><\/li>\n\t\t\t<\/ul>\n\t\t<\/div>\n\t\t\n\t<\/div><\/article><article class=\"w2-h1 cat-77 \"><div class=\"vino-portfolio-item text-on-hover hover2 open-lightbox\" data-aos=\"fade-down\" data-aos-delay=\"150\"><a class=\"portfolio-link single-image-lightbox\" href=\"https:\/\/www.brda.it\/wp-content\/uploads\/2018\/05\/villa05.jpg\" data-size=\"1500x1000\"><\/a><div class=\"image-wrapper\"><div class=\"portfolio-hover-img\"><\/div><span class=\"portfolio-img\" style=\"background-image: url(https:\/\/www.brda.it\/wp-content\/uploads\/2018\/05\/villa05-1024x683.jpg)\"><\/span><\/div>\n\t\t<div class=\"portfolio-text\">\n\t\t\t<h3 class=\"portfolio-title\" data-title=\"Master Class 2018\"><span>Master Class 2018<\/span><\/h3>\n\t\t\t<ul class=\"portfolio-category\">\n\t\t\t\t<li><a class=\"vino-hover-text\" href=\"https:\/\/www.brda.it\/index.php\/vino_portfolio_categories\/demo\/\" title=\"Villa Vipol\u017ee\">Villa Vipol\u017ee<\/a><\/li>\n\t\t\t<\/ul>\n\t\t<\/div>\n\t\t\n\t<\/div><\/article><article class=\"w2-h1 cat-77 \"><div class=\"vino-portfolio-item text-on-hover hover2 open-lightbox\" data-aos=\"fade-down\" data-aos-delay=\"200\"><a class=\"portfolio-link single-image-lightbox\" href=\"https:\/\/www.brda.it\/wp-content\/uploads\/2018\/05\/villa06.jpg\" data-size=\"1499x1000\"><\/a><div class=\"image-wrapper\"><div class=\"portfolio-hover-img\"><\/div><span class=\"portfolio-img\" style=\"background-image: url(https:\/\/www.brda.it\/wp-content\/uploads\/2018\/05\/villa06-1024x683.jpg)\"><\/span><\/div>\n\t\t<div class=\"portfolio-text\">\n\t\t\t<h3 class=\"portfolio-title\" data-title=\"Master Class 2018\"><span>Master Class 2018<\/span><\/h3>\n\t\t\t<ul class=\"portfolio-category\">\n\t\t\t\t<li><a class=\"vino-hover-text\" href=\"https:\/\/www.brda.it\/index.php\/vino_portfolio_categories\/demo\/\" title=\"Villa Vipol\u017ee\">Villa Vipol\u017ee<\/a><\/li>\n\t\t\t<\/ul>\n\t\t<\/div>\n\t\t\n\t<\/div><\/article><article class=\"w1-h1 cat-77 \"><div class=\"vino-portfolio-item text-on-hover hover2 open-lightbox\" data-aos=\"fade-down\" data-aos-delay=\"250\"><a class=\"portfolio-link single-image-lightbox\" href=\"https:\/\/www.brda.it\/wp-content\/uploads\/2019\/04\/home1_ok.jpg\" data-size=\"1498x1000\"><\/a><div class=\"image-wrapper\"><div class=\"portfolio-hover-img\"><\/div><span class=\"portfolio-img\" style=\"background-image: url(https:\/\/www.brda.it\/wp-content\/uploads\/2019\/04\/home1_ok-1024x684.jpg)\"><\/span><\/div>\n\t\t<div class=\"portfolio-text\">\n\t\t\t<h3 class=\"portfolio-title\" data-title=\"Villa Vipol\u017ee\"><span>Villa Vipol\u017ee<\/span><\/h3>\n\t\t\t<ul class=\"portfolio-category\">\n\t\t\t\t<li><a class=\"vino-hover-text\" href=\"https:\/\/www.brda.it\/index.php\/vino_portfolio_categories\/demo\/\" title=\"Villa Vipol\u017ee\">Villa Vipol\u017ee<\/a><\/li>\n\t\t\t<\/ul>\n\t\t<\/div>\n\t\t\n\t<\/div><\/article><article class=\"w1-h1 cat-77 \"><div class=\"vino-portfolio-item text-on-hover hover2 open-lightbox\" data-aos=\"fade-down\" data-aos-delay=\"300\"><a class=\"portfolio-link single-image-lightbox\" href=\"https:\/\/www.brda.it\/wp-content\/uploads\/2018\/05\/villa07.jpg\" data-size=\"667x1000\"><\/a><div class=\"image-wrapper\"><div class=\"portfolio-hover-img\"><\/div><span class=\"portfolio-img\" style=\"background-image: url(https:\/\/www.brda.it\/wp-content\/uploads\/2018\/05\/villa07.jpg)\"><\/span><\/div>\n\t\t<div class=\"portfolio-text\">\n\t\t\t<h3 class=\"portfolio-title\" data-title=\"Il panorama notturno\"><span>Il panorama notturno<\/span><\/h3>\n\t\t\t<ul class=\"portfolio-category\">\n\t\t\t\t<li><a class=\"vino-hover-text\" href=\"https:\/\/www.brda.it\/index.php\/vino_portfolio_categories\/demo\/\" title=\"Villa Vipol\u017ee\">Villa Vipol\u017ee<\/a><\/li>\n\t\t\t<\/ul>\n\t\t<\/div>\n\t\t\n\t<\/div><\/article><\/div><\/div><div class=\"custom-styles\" data-styles=\".id_169f2f65c5c6b11876710123 .btn.btn-solid.custom:after { background-color: #bfa149; } .id_169f2f65c5c6b11876710123 .btn.btn-outline.custom:after { border-color: #bfa149; } .id_169f2f65c5c6b11876710123 .btn.custom.btn-underline:hover .btn-text:after { border-color:  #bfa149; }\"><\/div><div class=\"custom-styles\" data-styles=\".id_169f2f65c5c6b11876710123 .vino-portfolio-item .portfolio-text { color:  } .id_169f2f65c5c6b11876710123 .vino-portfolio-item.text-below.hover3 .image-wrapper:after { background-color: #bfa149} .id_169f2f65c5c6b11876710123 .vino-portfolio-item.text-on-hover.hover3 .portfolio-text { background-color: ; } .vino-portfolio-item.text-on-hover.hover2 .portfolio-hover-img { background-color:  !important;  }\"><\/div>[\/vc_column][\/vc_row]<\/p>\n","protected":false},"excerpt":{"rendered":"<p>[vc_row gap=&#8221;&#8221; css=&#8221;.vc_custom_1554977190647{padding-top: 0px !important;padding-bottom: 60px !important;}&#8221;][vc_column][vc_single_image image=&#8221;1007&#8243; img_size=&#8221;medium&#8221;][vc_empty_space height=&#8221;50px&#8221;][vc_btn title=&#8221;Verificate la ricca offerta&#8221; style=&#8221;classic&#8221; shape=&#8221;square&#8221; color=&#8221;success&#8221; align=&#8221;center&#8221; link=&#8221;url:https%3A%2F%2Fwww.vilavipolze.eu%2Fit%2Fvilla%2Fchi_siamo%2F|||&#8221;][\/vc_column][\/vc_row][vc_row full_width=&#8221;stretch_row_content_no_spaces&#8221; gap=&#8221;&#8221;][vc_column][\/vc_column][\/vc_row]<\/p>\n","protected":false},"author":1,"featured_media":0,"parent":0,"menu_order":0,"comment_status":"closed","ping_status":"closed","template":"","meta":{"_mi_skip_tracking":false},"_links":{"self":[{"href":"https:\/\/www.brda.it\/index.php\/wp-json\/wp\/v2\/pages\/14"}],"collection":[{"href":"https:\/\/www.brda.it\/index.php\/wp-json\/wp\/v2\/pages"}],"about":[{"href":"https:\/\/www.brda.it\/index.php\/wp-json\/wp\/v2\/types\/page"}],"author":[{"embeddable":true,"href":"https:\/\/www.brda.it\/index.php\/wp-json\/wp\/v2\/users\/1"}],"replies":[{"embeddable":true,"href":"https:\/\/www.brda.it\/index.php\/wp-json\/wp\/v2\/comments?post=14"}],"version-history":[{"count":29,"href":"https:\/\/www.brda.it\/index.php\/wp-json\/wp\/v2\/pages\/14\/revisions"}],"predecessor-version":[{"id":1270,"href":"https:\/\/www.brda.it\/index.php\/wp-json\/wp\/v2\/pages\/14\/revisions\/1270"}],"wp:attachment":[{"href":"https:\/\/www.brda.it\/index.php\/wp-json\/wp\/v2\/media?parent=14"}],"curies":[{"name":"wp","href":"https:\/\/api.w.org\/{rel}","templated":true}]}}